{"id":106,"date":"2017-05-31T20:03:22","date_gmt":"2017-05-31T19:03:22","guid":{"rendered":"http:\/\/4u2feelgood.co.uk\/gs\/fees\/"},"modified":"2021-05-14T09:38:54","modified_gmt":"2021-05-14T08:38:54","slug":"tarifas","status":"publish","type":"page","link":"https:\/\/gomezprofessionalservices.com\/es\/tarifas\/","title":{"rendered":"Tarifas"},"content":{"rendered":"<h2><img loading=\"lazy\" decoding=\"async\" class=\"alignleft size-medium wp-image-402\" src=\"http:\/\/www.gomezprofessionalservices.com\/images\/Argentine-Delg-2-225x300.jpg\" alt=\"\" width=\"225\" height=\"300\" srcset=\"https:\/\/gomezprofessionalservices.com\/images\/Argentine-Delg-2-225x300.jpg 225w, https:\/\/gomezprofessionalservices.com\/images\/Argentine-Delg-2-113x150.jpg 113w, https:\/\/gomezprofessionalservices.com\/images\/Argentine-Delg-2.jpg 768w\" sizes=\"auto, (max-width: 225px) 100vw, 225px\" \/>Interpretaci\u00f3n<\/h2>\n<p>Las tarifas de interpretaci\u00f3n est\u00e1n en consonancia con los precios vigentes en el mercado. Sin embargo, la mayoria de los encargos se estimar\u00e1n de forma individualizada.<\/p>\n<p>\u00c9ste servicio conlleva una comisi\u00f3n por cancelaci\u00f3n y, por lo tanto, es importante asegurarse de que el evento tendr\u00e1 lugar con antelaci\u00f3n a fin de evitar gastos innecesarios.<\/p>\n<p>En el supuesto de que deseara contratar los servicios de un segundo int\u00e9rprete, junto con los mios, la tarifa reflejar\u00e1 el coste de contrataci\u00f3n de dos int\u00e9rpretes.<\/p>\n<p>Adem\u00e1s, tambi\u00e9n puedo ayudarle si necesita contratar equipo de interpretaci\u00f3n (equipo Sennheiser tipo visitas guiadas o cabinas de interpretaci\u00f3n).\u00a0 Empleo una empresa de alquiler de equipo audio fiable y me ofrece precios muy competitivos los cuales ofrezco a Usted.<\/p>\n<p>Les ruego se pongan en contacto conmigo si desea hablar de ello con detenimiento. Es imprescindible ahora en visto que tenemos que cumplir las normas de distanciamiento social.<\/p>\n<h2>Traducci\u00f3n<\/h2>\n<p><img loading=\"lazy\" decoding=\"async\" class=\"wp-image-658 alignleft\" src=\"https:\/\/gomezprofessionalservices.com\/images\/Blue-keybd-scaled.jpg\" alt=\"\" width=\"423\" height=\"202\" srcset=\"https:\/\/gomezprofessionalservices.com\/images\/Blue-keybd-scaled.jpg 2560w, https:\/\/gomezprofessionalservices.com\/images\/Blue-keybd-300x143.jpg 300w, https:\/\/gomezprofessionalservices.com\/images\/Blue-keybd-1024x488.jpg 1024w, https:\/\/gomezprofessionalservices.com\/images\/Blue-keybd-150x71.jpg 150w, https:\/\/gomezprofessionalservices.com\/images\/Blue-keybd-768x366.jpg 768w, https:\/\/gomezprofessionalservices.com\/images\/Blue-keybd-1536x732.jpg 1536w, https:\/\/gomezprofessionalservices.com\/images\/Blue-keybd-2048x976.jpg 2048w\" sizes=\"auto, (max-width: 423px) 100vw, 423px\" \/>Las tarifas de traducci\u00f3n varian en funci\u00f3n del tema y el nivel de especializaci\u00f3n del texto. Los documentos de car\u00e1cter general tienden a costar menos que un documento jur\u00eddico, m\u00e9dico o de otras especialidades, t\u00e9cnico, etc. \u00c9stas tarifas se cobran por cada 1000 palabras escritas en espa\u00f1ol (idioma de partida).<\/p>\n<p>El estado del documento original ser\u00e1 de consideraci\u00f3n a tener en cuenta dado que la mala legibilidad del texto puede ocasionar problemas. Por ejemplo, es preferible un documento escaneado y fotocopiado. Excepcionalmente, ser\u00e1 necesario ver el documento original.<\/p>\n<p>La producci\u00f3n de una traducci\u00f3n en el formato exacto o lo m\u00e1s parecido posible al original conlleva un gasto adicional. Hoy en dia el desarollo de software de traducci\u00f3n me permite resolver problemas y gastos de formatear pero s\u00f3lo si Usted me puede enviar el documento original en el formato de Word (o sea &#8216;.docx&#8217;).<\/p>\n<p>De nuevo, p\u00f3nganse en contacto conmigo si desea comentarlo en m\u00e1s detalle.<\/p>\n<h2>Visitas guiadas<\/h2>\n<p><img loading=\"lazy\" decoding=\"async\" class=\" wp-image-823 alignleft\" src=\"https:\/\/gomezprofessionalservices.com\/images\/Guiding-in-2017-Shard-in-bckgrd.jpg\" alt=\"\" width=\"389\" height=\"324\" srcset=\"https:\/\/gomezprofessionalservices.com\/images\/Guiding-in-2017-Shard-in-bckgrd.jpg 728w, https:\/\/gomezprofessionalservices.com\/images\/Guiding-in-2017-Shard-in-bckgrd-300x250.jpg 300w, https:\/\/gomezprofessionalservices.com\/images\/Guiding-in-2017-Shard-in-bckgrd-150x125.jpg 150w\" sizes=\"auto, (max-width: 389px) 100vw, 389px\" \/>\u00c9ste servicio conlleva un precio fijo. Asi pues, cuanta m\u00e1s gente pueda acompa\u00f1arle en el recorrido, menos ser\u00e1 el coste por persona. Lo ideal es trabajar con un grupo de diez personas.<\/p>\n<p>Los honorarios incluyen el reconocimiento hecho de la ruta y el tiempo de guiar. A menudo a los turistas les gusta terminar el tour en una taverna (un \u00abpub\u00bb londinense) o un restaurante de renombre. Puedo organizar esto para Usted como parte de los servicios ofrecidos. De nuevo, debido a la pandemia y la necesidad de acatar el distanciamiento social, es preciso que hablemos de la log\u00edstica. De momento, el Gobierno brit\u00e1nico s\u00f3lo me permite guiar cinco personas por la City.<\/p>\n<p>\u00c9sta foto me hace parecer que llevo el Shard en la cabeza pero me encanta la foto porque fue un tour muy divertido. \u00a1Adem\u00e1s, no todos pueden decir que llevan un gorrito que cost\u00f3 \u00a3435 millones!<\/p>\n<p>&nbsp;<\/p>\n","protected":false},"excerpt":{"rendered":"<p>Interpretaci\u00f3n Las tarifas de interpretaci\u00f3n est\u00e1n en consonancia con los precios vigentes en el mercado. Sin embargo, la mayoria de los encargos se estimar\u00e1n de forma individualizada. \u00c9ste servicio conlleva una comisi\u00f3n por cancelaci\u00f3n y, por lo tanto, es importante&hellip;<\/p>\n","protected":false},"author":1,"featured_media":0,"parent":0,"menu_order":0,"comment_status":"closed","ping_status":"closed","template":"","meta":{"footnotes":""},"class_list":["post-106","page","type-page","status-publish","hentry","entry","no-media"],"yoast_head":"<!-- This site is optimized with the Yoast SEO plugin v27.3 - https:\/\/yoast.com\/product\/yoast-seo-wordpress\/ -->\n<title>Tarifas - Gomez Professional Services<\/title>\n<meta name=\"robots\" content=\"index, follow, max-snippet:-1, max-image-preview:large, max-video-preview:-1\" \/>\n<link rel=\"canonical\" href=\"https:\/\/gomezprofessionalservices.com\/es\/tarifas\/\" class=\"yoast-seo-meta-tag\" \/>\n<meta property=\"og:locale\" content=\"es_ES\" class=\"yoast-seo-meta-tag\" \/>\n<meta property=\"og:type\" content=\"article\" class=\"yoast-seo-meta-tag\" \/>\n<meta property=\"og:title\" content=\"Tarifas - Gomez Professional Services\" class=\"yoast-seo-meta-tag\" \/>\n<meta property=\"og:description\" content=\"Interpretaci\u00f3n Las tarifas de interpretaci\u00f3n est\u00e1n en consonancia con los precios vigentes en el mercado. Sin embargo, la mayoria de los encargos se estimar\u00e1n de forma individualizada. \u00c9ste servicio conlleva una comisi\u00f3n por cancelaci\u00f3n y, por lo tanto, es importante&hellip;\" class=\"yoast-seo-meta-tag\" \/>\n<meta property=\"og:url\" content=\"https:\/\/gomezprofessionalservices.com\/es\/tarifas\/\" class=\"yoast-seo-meta-tag\" \/>\n<meta property=\"og:site_name\" content=\"Gomez Professional Services\" class=\"yoast-seo-meta-tag\" \/>\n<meta property=\"article:modified_time\" content=\"2021-05-14T08:38:54+00:00\" class=\"yoast-seo-meta-tag\" \/>\n<meta property=\"og:image\" content=\"http:\/\/www.gomezprofessionalservices.com\/images\/Argentine-Delg-2-225x300.jpg\" class=\"yoast-seo-meta-tag\" \/>\n<meta name=\"twitter:card\" content=\"summary_large_image\" class=\"yoast-seo-meta-tag\" \/>\n<meta name=\"twitter:site\" content=\"@RMLuz63\" class=\"yoast-seo-meta-tag\" \/>\n<meta name=\"twitter:label1\" content=\"Tiempo de lectura\" class=\"yoast-seo-meta-tag\" \/>\n\t<meta name=\"twitter:data1\" content=\"3 minutos\" class=\"yoast-seo-meta-tag\" \/>\n<script type=\"application\/ld+json\" class=\"yoast-schema-graph\">{\"@context\":\"https:\\\/\\\/schema.org\",\"@graph\":[{\"@type\":\"WebPage\",\"@id\":\"https:\\\/\\\/gomezprofessionalservices.com\\\/es\\\/tarifas\\\/\",\"url\":\"https:\\\/\\\/gomezprofessionalservices.com\\\/es\\\/tarifas\\\/\",\"name\":\"Tarifas - Gomez Professional Services\",\"isPartOf\":{\"@id\":\"https:\\\/\\\/gomezprofessionalservices.com\\\/#website\"},\"primaryImageOfPage\":{\"@id\":\"https:\\\/\\\/gomezprofessionalservices.com\\\/es\\\/tarifas\\\/#primaryimage\"},\"image\":{\"@id\":\"https:\\\/\\\/gomezprofessionalservices.com\\\/es\\\/tarifas\\\/#primaryimage\"},\"thumbnailUrl\":\"http:\\\/\\\/www.gomezprofessionalservices.com\\\/images\\\/Argentine-Delg-2-225x300.jpg\",\"datePublished\":\"2017-05-31T19:03:22+00:00\",\"dateModified\":\"2021-05-14T08:38:54+00:00\",\"breadcrumb\":{\"@id\":\"https:\\\/\\\/gomezprofessionalservices.com\\\/es\\\/tarifas\\\/#breadcrumb\"},\"inLanguage\":\"es\",\"potentialAction\":[{\"@type\":\"ReadAction\",\"target\":[\"https:\\\/\\\/gomezprofessionalservices.com\\\/es\\\/tarifas\\\/\"]}]},{\"@type\":\"ImageObject\",\"inLanguage\":\"es\",\"@id\":\"https:\\\/\\\/gomezprofessionalservices.com\\\/es\\\/tarifas\\\/#primaryimage\",\"url\":\"http:\\\/\\\/www.gomezprofessionalservices.com\\\/images\\\/Argentine-Delg-2-225x300.jpg\",\"contentUrl\":\"http:\\\/\\\/www.gomezprofessionalservices.com\\\/images\\\/Argentine-Delg-2-225x300.jpg\"},{\"@type\":\"BreadcrumbList\",\"@id\":\"https:\\\/\\\/gomezprofessionalservices.com\\\/es\\\/tarifas\\\/#breadcrumb\",\"itemListElement\":[{\"@type\":\"ListItem\",\"position\":1,\"name\":\"Home\",\"item\":\"https:\\\/\\\/gomezprofessionalservices.com\\\/es\\\/\"},{\"@type\":\"ListItem\",\"position\":2,\"name\":\"Tarifas\"}]},{\"@type\":\"WebSite\",\"@id\":\"https:\\\/\\\/gomezprofessionalservices.com\\\/#website\",\"url\":\"https:\\\/\\\/gomezprofessionalservices.com\\\/\",\"name\":\"Gomez Professional Services\",\"description\":\"Interpreter and Translator\",\"publisher\":{\"@id\":\"https:\\\/\\\/gomezprofessionalservices.com\\\/#organization\"},\"potentialAction\":[{\"@type\":\"SearchAction\",\"target\":{\"@type\":\"EntryPoint\",\"urlTemplate\":\"https:\\\/\\\/gomezprofessionalservices.com\\\/?s={search_term_string}\"},\"query-input\":{\"@type\":\"PropertyValueSpecification\",\"valueRequired\":true,\"valueName\":\"search_term_string\"}}],\"inLanguage\":\"es\"},{\"@type\":\"Organization\",\"@id\":\"https:\\\/\\\/gomezprofessionalservices.com\\\/#organization\",\"name\":\"Gomez Professional Services\",\"url\":\"https:\\\/\\\/gomezprofessionalservices.com\\\/\",\"logo\":{\"@type\":\"ImageObject\",\"inLanguage\":\"es\",\"@id\":\"https:\\\/\\\/gomezprofessionalservices.com\\\/#\\\/schema\\\/logo\\\/image\\\/\",\"url\":\"https:\\\/\\\/gomezprofessionalservices.com\\\/images\\\/Small-4587.jpg\",\"contentUrl\":\"https:\\\/\\\/gomezprofessionalservices.com\\\/images\\\/Small-4587.jpg\",\"width\":714,\"height\":1000,\"caption\":\"Gomez Professional Services\"},\"image\":{\"@id\":\"https:\\\/\\\/gomezprofessionalservices.com\\\/#\\\/schema\\\/logo\\\/image\\\/\"},\"sameAs\":[\"https:\\\/\\\/x.com\\\/RMLuz63\",\"https:\\\/\\\/www.linkedin.com\\\/in\\\/rosemaryluz\"]}]}<\/script>\n<!-- \/ Yoast SEO plugin. -->","yoast_head_json":{"title":"Tarifas - Gomez Professional Services","robots":{"index":"index","follow":"follow","max-snippet":"max-snippet:-1","max-image-preview":"max-image-preview:large","max-video-preview":"max-video-preview:-1"},"canonical":"https:\/\/gomezprofessionalservices.com\/es\/tarifas\/","og_locale":"es_ES","og_type":"article","og_title":"Tarifas - Gomez Professional Services","og_description":"Interpretaci\u00f3n Las tarifas de interpretaci\u00f3n est\u00e1n en consonancia con los precios vigentes en el mercado. Sin embargo, la mayoria de los encargos se estimar\u00e1n de forma individualizada. \u00c9ste servicio conlleva una comisi\u00f3n por cancelaci\u00f3n y, por lo tanto, es importante&hellip;","og_url":"https:\/\/gomezprofessionalservices.com\/es\/tarifas\/","og_site_name":"Gomez Professional Services","article_modified_time":"2021-05-14T08:38:54+00:00","og_image":[{"url":"http:\/\/www.gomezprofessionalservices.com\/images\/Argentine-Delg-2-225x300.jpg","type":"","width":"","height":""}],"twitter_card":"summary_large_image","twitter_site":"@RMLuz63","twitter_misc":{"Tiempo de lectura":"3 minutos"},"schema":{"@context":"https:\/\/schema.org","@graph":[{"@type":"WebPage","@id":"https:\/\/gomezprofessionalservices.com\/es\/tarifas\/","url":"https:\/\/gomezprofessionalservices.com\/es\/tarifas\/","name":"Tarifas - Gomez Professional Services","isPartOf":{"@id":"https:\/\/gomezprofessionalservices.com\/#website"},"primaryImageOfPage":{"@id":"https:\/\/gomezprofessionalservices.com\/es\/tarifas\/#primaryimage"},"image":{"@id":"https:\/\/gomezprofessionalservices.com\/es\/tarifas\/#primaryimage"},"thumbnailUrl":"http:\/\/www.gomezprofessionalservices.com\/images\/Argentine-Delg-2-225x300.jpg","datePublished":"2017-05-31T19:03:22+00:00","dateModified":"2021-05-14T08:38:54+00:00","breadcrumb":{"@id":"https:\/\/gomezprofessionalservices.com\/es\/tarifas\/#breadcrumb"},"inLanguage":"es","potentialAction":[{"@type":"ReadAction","target":["https:\/\/gomezprofessionalservices.com\/es\/tarifas\/"]}]},{"@type":"ImageObject","inLanguage":"es","@id":"https:\/\/gomezprofessionalservices.com\/es\/tarifas\/#primaryimage","url":"http:\/\/www.gomezprofessionalservices.com\/images\/Argentine-Delg-2-225x300.jpg","contentUrl":"http:\/\/www.gomezprofessionalservices.com\/images\/Argentine-Delg-2-225x300.jpg"},{"@type":"BreadcrumbList","@id":"https:\/\/gomezprofessionalservices.com\/es\/tarifas\/#breadcrumb","itemListElement":[{"@type":"ListItem","position":1,"name":"Home","item":"https:\/\/gomezprofessionalservices.com\/es\/"},{"@type":"ListItem","position":2,"name":"Tarifas"}]},{"@type":"WebSite","@id":"https:\/\/gomezprofessionalservices.com\/#website","url":"https:\/\/gomezprofessionalservices.com\/","name":"Gomez Professional Services","description":"Interpreter and Translator","publisher":{"@id":"https:\/\/gomezprofessionalservices.com\/#organization"},"potentialAction":[{"@type":"SearchAction","target":{"@type":"EntryPoint","urlTemplate":"https:\/\/gomezprofessionalservices.com\/?s={search_term_string}"},"query-input":{"@type":"PropertyValueSpecification","valueRequired":true,"valueName":"search_term_string"}}],"inLanguage":"es"},{"@type":"Organization","@id":"https:\/\/gomezprofessionalservices.com\/#organization","name":"Gomez Professional Services","url":"https:\/\/gomezprofessionalservices.com\/","logo":{"@type":"ImageObject","inLanguage":"es","@id":"https:\/\/gomezprofessionalservices.com\/#\/schema\/logo\/image\/","url":"https:\/\/gomezprofessionalservices.com\/images\/Small-4587.jpg","contentUrl":"https:\/\/gomezprofessionalservices.com\/images\/Small-4587.jpg","width":714,"height":1000,"caption":"Gomez Professional Services"},"image":{"@id":"https:\/\/gomezprofessionalservices.com\/#\/schema\/logo\/image\/"},"sameAs":["https:\/\/x.com\/RMLuz63","https:\/\/www.linkedin.com\/in\/rosemaryluz"]}]}},"_links":{"self":[{"href":"https:\/\/gomezprofessionalservices.com\/es\/wp-json\/wp\/v2\/pages\/106","targetHints":{"allow":["GET"]}}],"collection":[{"href":"https:\/\/gomezprofessionalservices.com\/es\/wp-json\/wp\/v2\/pages"}],"about":[{"href":"https:\/\/gomezprofessionalservices.com\/es\/wp-json\/wp\/v2\/types\/page"}],"author":[{"embeddable":true,"href":"https:\/\/gomezprofessionalservices.com\/es\/wp-json\/wp\/v2\/users\/1"}],"replies":[{"embeddable":true,"href":"https:\/\/gomezprofessionalservices.com\/es\/wp-json\/wp\/v2\/comments?post=106"}],"version-history":[{"count":7,"href":"https:\/\/gomezprofessionalservices.com\/es\/wp-json\/wp\/v2\/pages\/106\/revisions"}],"predecessor-version":[{"id":864,"href":"https:\/\/gomezprofessionalservices.com\/es\/wp-json\/wp\/v2\/pages\/106\/revisions\/864"}],"wp:attachment":[{"href":"https:\/\/gomezprofessionalservices.com\/es\/wp-json\/wp\/v2\/media?parent=106"}],"curies":[{"name":"wp","href":"https:\/\/api.w.org\/{rel}","templated":true}]}}