{"id":87,"date":"2017-05-31T15:10:33","date_gmt":"2017-05-31T14:10:33","guid":{"rendered":"http:\/\/4u2feelgood.co.uk\/gs\/home\/"},"modified":"2021-05-14T09:36:59","modified_gmt":"2021-05-14T08:36:59","slug":"home","status":"publish","type":"page","link":"https:\/\/gomezprofessionalservices.com\/es\/","title":{"rendered":"Home"},"content":{"rendered":"<p><img loading=\"lazy\" decoding=\"async\" class=\" wp-image-914 alignleft\" src=\"https:\/\/gomezprofessionalservices.com\/images\/Small-4587.jpg\" alt=\"\" width=\"235\" height=\"329\" srcset=\"https:\/\/gomezprofessionalservices.com\/images\/Small-4587.jpg 714w, https:\/\/gomezprofessionalservices.com\/images\/Small-4587-214x300.jpg 214w, https:\/\/gomezprofessionalservices.com\/images\/Small-4587-107x150.jpg 107w\" sizes=\"auto, (max-width: 235px) 100vw, 235px\" \/>Me llamo Rosemary Luz y trabajo y soy la Directora de G\u00f3mez Professional Services (GPS), mi empresa de servicios lingu\u00edsticos. Soy int\u00e9rprete y traductora de espa\u00f1ol-ingl\u00e9s, siendo el ingl\u00e9s brit\u00e1nico mi lengua materna. Por m\u00e1s de treinte a\u00f1os he trabajo como profesional en este sector, solucionando los problemas de comunicaci\u00f3n de los clientes y procurando que se entend\u00eda muy bien los temas de las reuniones.\u00a0 Para m\u00e1s informaci\u00f3n, vaya a la p\u00e1gina entitulada &#8216;Datos Personales&#8217;.<\/p>\n<p>Los servicios que ofrezco son fundamentalmente los siguientes:<\/p>\n<ul>\n<li>Servicios de interpretaci\u00f3n entre el espa\u00f1ol y el ingl\u00e9s<\/li>\n<li>Servicios de traducci\u00f3n de documentos del espa\u00f1ol y el franc\u00e9s al ingl\u00e9s<\/li>\n<\/ul>\n<p>G\u00f3mez Professional Services adopta el modelo de condiciones comerciales del Institute of Translation and Interpreting del Reino Unido (www.iti.org.uk) salvo cuando se modifique o acuerde por escrito con el cliente.<\/p>\n<p>&nbsp;<\/p>\n<p>&nbsp;<\/p>\n","protected":false},"excerpt":{"rendered":"<p>Me llamo Rosemary Luz y trabajo y soy la Directora de G\u00f3mez Professional Services (GPS), mi empresa de servicios lingu\u00edsticos. Soy int\u00e9rprete y traductora de espa\u00f1ol-ingl\u00e9s, siendo el ingl\u00e9s brit\u00e1nico mi lengua materna. Por m\u00e1s de treinte a\u00f1os he trabajo&hellip;<\/p>\n","protected":false},"author":1,"featured_media":0,"parent":0,"menu_order":0,"comment_status":"closed","ping_status":"closed","template":"","meta":{"footnotes":""},"class_list":["post-87","page","type-page","status-publish","hentry","entry","no-media"],"yoast_head":"<!-- This site is optimized with the Yoast SEO plugin v27.3 - https:\/\/yoast.com\/product\/yoast-seo-wordpress\/ -->\n<title>Home - Gomez Professional Services<\/title>\n<meta name=\"robots\" content=\"index, follow, max-snippet:-1, max-image-preview:large, max-video-preview:-1\" \/>\n<link rel=\"canonical\" href=\"https:\/\/gomezprofessionalservices.com\/es\/\" class=\"yoast-seo-meta-tag\" \/>\n<meta property=\"og:locale\" content=\"es_ES\" class=\"yoast-seo-meta-tag\" \/>\n<meta property=\"og:type\" content=\"article\" class=\"yoast-seo-meta-tag\" \/>\n<meta property=\"og:title\" content=\"Home - Gomez Professional Services\" class=\"yoast-seo-meta-tag\" \/>\n<meta property=\"og:description\" content=\"Me llamo Rosemary Luz y trabajo y soy la Directora de G\u00f3mez Professional Services (GPS), mi empresa de servicios lingu\u00edsticos. Soy int\u00e9rprete y traductora de espa\u00f1ol-ingl\u00e9s, siendo el ingl\u00e9s brit\u00e1nico mi lengua materna. Por m\u00e1s de treinte a\u00f1os he trabajo&hellip;\" class=\"yoast-seo-meta-tag\" \/>\n<meta property=\"og:url\" content=\"https:\/\/gomezprofessionalservices.com\/es\/\" class=\"yoast-seo-meta-tag\" \/>\n<meta property=\"og:site_name\" content=\"Gomez Professional Services\" class=\"yoast-seo-meta-tag\" \/>\n<meta property=\"article:modified_time\" content=\"2021-05-14T08:36:59+00:00\" class=\"yoast-seo-meta-tag\" \/>\n<meta property=\"og:image\" content=\"https:\/\/gomezprofessionalservices.com\/images\/Small-4587.jpg\" class=\"yoast-seo-meta-tag\" \/>\n<meta name=\"twitter:card\" content=\"summary_large_image\" class=\"yoast-seo-meta-tag\" \/>\n<meta name=\"twitter:site\" content=\"@RMLuz63\" class=\"yoast-seo-meta-tag\" \/>\n<meta name=\"twitter:label1\" content=\"Tiempo de lectura\" class=\"yoast-seo-meta-tag\" \/>\n\t<meta name=\"twitter:data1\" content=\"1 minuto\" class=\"yoast-seo-meta-tag\" \/>\n<script type=\"application\/ld+json\" class=\"yoast-schema-graph\">{\"@context\":\"https:\\\/\\\/schema.org\",\"@graph\":[{\"@type\":\"WebPage\",\"@id\":\"https:\\\/\\\/gomezprofessionalservices.com\\\/es\\\/\",\"url\":\"https:\\\/\\\/gomezprofessionalservices.com\\\/es\\\/\",\"name\":\"Home - Gomez Professional Services\",\"isPartOf\":{\"@id\":\"https:\\\/\\\/gomezprofessionalservices.com\\\/#website\"},\"primaryImageOfPage\":{\"@id\":\"https:\\\/\\\/gomezprofessionalservices.com\\\/es\\\/#primaryimage\"},\"image\":{\"@id\":\"https:\\\/\\\/gomezprofessionalservices.com\\\/es\\\/#primaryimage\"},\"thumbnailUrl\":\"https:\\\/\\\/gomezprofessionalservices.com\\\/images\\\/Small-4587.jpg\",\"datePublished\":\"2017-05-31T14:10:33+00:00\",\"dateModified\":\"2021-05-14T08:36:59+00:00\",\"breadcrumb\":{\"@id\":\"https:\\\/\\\/gomezprofessionalservices.com\\\/es\\\/#breadcrumb\"},\"inLanguage\":\"es\",\"potentialAction\":[{\"@type\":\"ReadAction\",\"target\":[\"https:\\\/\\\/gomezprofessionalservices.com\\\/es\\\/\"]}]},{\"@type\":\"ImageObject\",\"inLanguage\":\"es\",\"@id\":\"https:\\\/\\\/gomezprofessionalservices.com\\\/es\\\/#primaryimage\",\"url\":\"https:\\\/\\\/gomezprofessionalservices.com\\\/images\\\/Small-4587.jpg\",\"contentUrl\":\"https:\\\/\\\/gomezprofessionalservices.com\\\/images\\\/Small-4587.jpg\"},{\"@type\":\"BreadcrumbList\",\"@id\":\"https:\\\/\\\/gomezprofessionalservices.com\\\/es\\\/#breadcrumb\",\"itemListElement\":[{\"@type\":\"ListItem\",\"position\":1,\"name\":\"Home\",\"item\":\"https:\\\/\\\/gomezprofessionalservices.com\\\/es\\\/\"},{\"@type\":\"ListItem\",\"position\":2,\"name\":\"Home\"}]},{\"@type\":\"WebSite\",\"@id\":\"https:\\\/\\\/gomezprofessionalservices.com\\\/#website\",\"url\":\"https:\\\/\\\/gomezprofessionalservices.com\\\/\",\"name\":\"Gomez Professional Services\",\"description\":\"Interpreter and Translator\",\"publisher\":{\"@id\":\"https:\\\/\\\/gomezprofessionalservices.com\\\/#organization\"},\"potentialAction\":[{\"@type\":\"SearchAction\",\"target\":{\"@type\":\"EntryPoint\",\"urlTemplate\":\"https:\\\/\\\/gomezprofessionalservices.com\\\/?s={search_term_string}\"},\"query-input\":{\"@type\":\"PropertyValueSpecification\",\"valueRequired\":true,\"valueName\":\"search_term_string\"}}],\"inLanguage\":\"es\"},{\"@type\":\"Organization\",\"@id\":\"https:\\\/\\\/gomezprofessionalservices.com\\\/#organization\",\"name\":\"Gomez Professional Services\",\"url\":\"https:\\\/\\\/gomezprofessionalservices.com\\\/\",\"logo\":{\"@type\":\"ImageObject\",\"inLanguage\":\"es\",\"@id\":\"https:\\\/\\\/gomezprofessionalservices.com\\\/#\\\/schema\\\/logo\\\/image\\\/\",\"url\":\"https:\\\/\\\/gomezprofessionalservices.com\\\/images\\\/Small-4587.jpg\",\"contentUrl\":\"https:\\\/\\\/gomezprofessionalservices.com\\\/images\\\/Small-4587.jpg\",\"width\":714,\"height\":1000,\"caption\":\"Gomez Professional Services\"},\"image\":{\"@id\":\"https:\\\/\\\/gomezprofessionalservices.com\\\/#\\\/schema\\\/logo\\\/image\\\/\"},\"sameAs\":[\"https:\\\/\\\/x.com\\\/RMLuz63\",\"https:\\\/\\\/www.linkedin.com\\\/in\\\/rosemaryluz\"]}]}<\/script>\n<!-- \/ Yoast SEO plugin. -->","yoast_head_json":{"title":"Home - Gomez Professional Services","robots":{"index":"index","follow":"follow","max-snippet":"max-snippet:-1","max-image-preview":"max-image-preview:large","max-video-preview":"max-video-preview:-1"},"canonical":"https:\/\/gomezprofessionalservices.com\/es\/","og_locale":"es_ES","og_type":"article","og_title":"Home - Gomez Professional Services","og_description":"Me llamo Rosemary Luz y trabajo y soy la Directora de G\u00f3mez Professional Services (GPS), mi empresa de servicios lingu\u00edsticos. Soy int\u00e9rprete y traductora de espa\u00f1ol-ingl\u00e9s, siendo el ingl\u00e9s brit\u00e1nico mi lengua materna. Por m\u00e1s de treinte a\u00f1os he trabajo&hellip;","og_url":"https:\/\/gomezprofessionalservices.com\/es\/","og_site_name":"Gomez Professional Services","article_modified_time":"2021-05-14T08:36:59+00:00","og_image":[{"url":"https:\/\/gomezprofessionalservices.com\/images\/Small-4587.jpg","type":"","width":"","height":""}],"twitter_card":"summary_large_image","twitter_site":"@RMLuz63","twitter_misc":{"Tiempo de lectura":"1 minuto"},"schema":{"@context":"https:\/\/schema.org","@graph":[{"@type":"WebPage","@id":"https:\/\/gomezprofessionalservices.com\/es\/","url":"https:\/\/gomezprofessionalservices.com\/es\/","name":"Home - Gomez Professional Services","isPartOf":{"@id":"https:\/\/gomezprofessionalservices.com\/#website"},"primaryImageOfPage":{"@id":"https:\/\/gomezprofessionalservices.com\/es\/#primaryimage"},"image":{"@id":"https:\/\/gomezprofessionalservices.com\/es\/#primaryimage"},"thumbnailUrl":"https:\/\/gomezprofessionalservices.com\/images\/Small-4587.jpg","datePublished":"2017-05-31T14:10:33+00:00","dateModified":"2021-05-14T08:36:59+00:00","breadcrumb":{"@id":"https:\/\/gomezprofessionalservices.com\/es\/#breadcrumb"},"inLanguage":"es","potentialAction":[{"@type":"ReadAction","target":["https:\/\/gomezprofessionalservices.com\/es\/"]}]},{"@type":"ImageObject","inLanguage":"es","@id":"https:\/\/gomezprofessionalservices.com\/es\/#primaryimage","url":"https:\/\/gomezprofessionalservices.com\/images\/Small-4587.jpg","contentUrl":"https:\/\/gomezprofessionalservices.com\/images\/Small-4587.jpg"},{"@type":"BreadcrumbList","@id":"https:\/\/gomezprofessionalservices.com\/es\/#breadcrumb","itemListElement":[{"@type":"ListItem","position":1,"name":"Home","item":"https:\/\/gomezprofessionalservices.com\/es\/"},{"@type":"ListItem","position":2,"name":"Home"}]},{"@type":"WebSite","@id":"https:\/\/gomezprofessionalservices.com\/#website","url":"https:\/\/gomezprofessionalservices.com\/","name":"Gomez Professional Services","description":"Interpreter and Translator","publisher":{"@id":"https:\/\/gomezprofessionalservices.com\/#organization"},"potentialAction":[{"@type":"SearchAction","target":{"@type":"EntryPoint","urlTemplate":"https:\/\/gomezprofessionalservices.com\/?s={search_term_string}"},"query-input":{"@type":"PropertyValueSpecification","valueRequired":true,"valueName":"search_term_string"}}],"inLanguage":"es"},{"@type":"Organization","@id":"https:\/\/gomezprofessionalservices.com\/#organization","name":"Gomez Professional Services","url":"https:\/\/gomezprofessionalservices.com\/","logo":{"@type":"ImageObject","inLanguage":"es","@id":"https:\/\/gomezprofessionalservices.com\/#\/schema\/logo\/image\/","url":"https:\/\/gomezprofessionalservices.com\/images\/Small-4587.jpg","contentUrl":"https:\/\/gomezprofessionalservices.com\/images\/Small-4587.jpg","width":714,"height":1000,"caption":"Gomez Professional Services"},"image":{"@id":"https:\/\/gomezprofessionalservices.com\/#\/schema\/logo\/image\/"},"sameAs":["https:\/\/x.com\/RMLuz63","https:\/\/www.linkedin.com\/in\/rosemaryluz"]}]}},"_links":{"self":[{"href":"https:\/\/gomezprofessionalservices.com\/es\/wp-json\/wp\/v2\/pages\/87","targetHints":{"allow":["GET"]}}],"collection":[{"href":"https:\/\/gomezprofessionalservices.com\/es\/wp-json\/wp\/v2\/pages"}],"about":[{"href":"https:\/\/gomezprofessionalservices.com\/es\/wp-json\/wp\/v2\/types\/page"}],"author":[{"embeddable":true,"href":"https:\/\/gomezprofessionalservices.com\/es\/wp-json\/wp\/v2\/users\/1"}],"replies":[{"embeddable":true,"href":"https:\/\/gomezprofessionalservices.com\/es\/wp-json\/wp\/v2\/comments?post=87"}],"version-history":[{"count":11,"href":"https:\/\/gomezprofessionalservices.com\/es\/wp-json\/wp\/v2\/pages\/87\/revisions"}],"predecessor-version":[{"id":964,"href":"https:\/\/gomezprofessionalservices.com\/es\/wp-json\/wp\/v2\/pages\/87\/revisions\/964"}],"wp:attachment":[{"href":"https:\/\/gomezprofessionalservices.com\/es\/wp-json\/wp\/v2\/media?parent=87"}],"curies":[{"name":"wp","href":"https:\/\/api.w.org\/{rel}","templated":true}]}}