{"id":94,"date":"2017-05-31T19:40:20","date_gmt":"2017-05-31T18:40:20","guid":{"rendered":"http:\/\/4u2feelgood.co.uk\/gs\/services\/"},"modified":"2023-08-18T12:36:31","modified_gmt":"2023-08-18T11:36:31","slug":"servicios","status":"publish","type":"page","link":"https:\/\/gomezprofessionalservices.com\/es\/servicios\/","title":{"rendered":"Servicios"},"content":{"rendered":"<h2>Interpretaci\u00f3n<\/h2>\n<p><img loading=\"lazy\" decoding=\"async\" class=\" wp-image-849 alignleft\" src=\"https:\/\/gomezprofessionalservices.com\/images\/AHRC-RML-and-VL-facing-2-scaled.jpg\" alt=\"\" width=\"515\" height=\"386\" srcset=\"https:\/\/gomezprofessionalservices.com\/images\/AHRC-RML-and-VL-facing-2-scaled.jpg 2560w, https:\/\/gomezprofessionalservices.com\/images\/AHRC-RML-and-VL-facing-2-300x225.jpg 300w, https:\/\/gomezprofessionalservices.com\/images\/AHRC-RML-and-VL-facing-2-1024x768.jpg 1024w, https:\/\/gomezprofessionalservices.com\/images\/AHRC-RML-and-VL-facing-2-150x112.jpg 150w, https:\/\/gomezprofessionalservices.com\/images\/AHRC-RML-and-VL-facing-2-768x576.jpg 768w, https:\/\/gomezprofessionalservices.com\/images\/AHRC-RML-and-VL-facing-2-1536x1152.jpg 1536w, https:\/\/gomezprofessionalservices.com\/images\/AHRC-RML-and-VL-facing-2-2048x1536.jpg 2048w\" sizes=\"auto, (max-width: 515px) 100vw, 515px\" \/> Interpreto entre el espa\u00f1ol y el ingl\u00e9s y ofrezco varios tipos de servicios de interpretaci\u00f3n:<\/p>\n<ul>\n<li>Interpretci\u00f3n consecutiva<\/li>\n<li>Interpretaci\u00f3n simult\u00e1nea<\/li>\n<li>Interpretaci\u00f3n de conferencias (IC)<\/li>\n<li>Interpretaci\u00f3n simult\u00e1nea a distancia (RSI)<\/li>\n<\/ul>\n<p>Normalmente comparto la cabina de interpretaci\u00f3n con otro int\u00e9rprete cuyo fuerte es la interpretaci\u00f3n del ingl\u00e9s al espa\u00f1ol. Es una buena manera de mantener el equilibrio ling\u00fcistico.<\/p>\n<p>Desde la brote de la pandemia de COVID-19 en 2020 he realizado cada vez mas la interpretaci\u00f3n simult\u00e1nea a distancia (RSI) lo cual significa que estoy disponible para interpretar a cualquiera hora del d\u00eda por cualquiera persona en el mundo. Tengo experiencia en varias plataformas de RSI: ZipDX, Zoom and Interprefy. He sido formado en\u00a0 Voiceboxer e Interactio. Adem\u00e1s, he sido certificada como int\u00e9rprete de KUDO. Ahora que vivimos con COVID-19, hago interpretaci\u00f3n simult\u00e1nea presencial.<\/p>\n<h3><span style=\"font-size: 24px;\">Especialidades<\/span><\/h3>\n<p>El amplio abanico de temas con los que he trabajado incluyen aplicaci\u00f3n de la ley, reforma carcelaria, administraci\u00f3n de justicia, finanzas, asociaciones publicas-privadas, comercio, transporte, biotecnologia, educaci\u00f3n, gobierno y politicas, Comit\u00e9s de Empresas Europeos, rugby, recursos humanos y cambio clim\u00e1tico.<\/p>\n<h2>Traducci\u00f3n<\/h2>\n<p><img loading=\"lazy\" decoding=\"async\" class=\"alignleft size-full wp-image-310\" src=\"http:\/\/www.gomezprofessionalservices.com\/images\/SDL_Trados_Studio_Web_Icons_018.jpg\" alt=\"Rosemary Luz, Spanish Translator\" width=\"250\" height=\"170\" srcset=\"https:\/\/gomezprofessionalservices.com\/images\/SDL_Trados_Studio_Web_Icons_018.jpg 250w, https:\/\/gomezprofessionalservices.com\/images\/SDL_Trados_Studio_Web_Icons_018-150x102.jpg 150w\" sizes=\"auto, (max-width: 250px) 100vw, 250px\" \/>Traduzco documentos del espa\u00f1ol y el franc\u00e9s al ingl\u00e9s.<\/p>\n<h3>Especialidades<\/h3>\n<p>Los documentos que traduzco y con los que poseo experiencia incluyen declaraciones testimoniales, cintas de interrogatorios grabados, transcripciones de interrogatorios grabados, informes policiales, certificados de defunciones, certificados de educaci\u00f3n, testamentos, comisiones rogatorias, sentencias judiciales, resoluciones judiciales, desestimaciones, informes m\u00e9dicos, resultados de autopsias, informes de la policia de trafico, contratos y comunicaciones academicas.<\/p>\n<p>Normalmente, necesito examinar el documento o documentos de partida para poder ofrecer una estimaci\u00f3n del tiempo que llevar\u00e1 la traducci\u00f3n y un presupuesto.<\/p>\n<p>Hay otras cuestiones que se deben tomar en cuenta a la hora de comprar una traducci\u00f3n. Aqui est\u00e1 un vinculo para guiar Ustedes. <a href=\"https:\/\/www.iti.org.uk\/pdf\/getting-it-right\/spanish.pdf\" target=\"_blank\" rel=\"noopener\"><span style=\"text-decoration: underline;\">https:\/\/www.iti.org.uk\/pdf\/getting-it-right\/spanish.pdf<\/span><\/a><\/p>\n<h2>Traducciones oficiales<\/h2>\n<p><img loading=\"lazy\" decoding=\"async\" class=\"wp-image-1311 size-medium alignleft\" src=\"https:\/\/gomezprofessionalservices.com\/images\/ITI-Certification-Seals-185x300.jpg\" alt=\"\" width=\"185\" height=\"300\" srcset=\"https:\/\/gomezprofessionalservices.com\/images\/ITI-Certification-Seals-185x300.jpg 185w, https:\/\/gomezprofessionalservices.com\/images\/ITI-Certification-Seals-630x1024.jpg 630w, https:\/\/gomezprofessionalservices.com\/images\/ITI-Certification-Seals-92x150.jpg 92w, https:\/\/gomezprofessionalservices.com\/images\/ITI-Certification-Seals-768x1248.jpg 768w, https:\/\/gomezprofessionalservices.com\/images\/ITI-Certification-Seals-945x1536.jpg 945w, https:\/\/gomezprofessionalservices.com\/images\/ITI-Certification-Seals-1261x2048.jpg 1261w, https:\/\/gomezprofessionalservices.com\/images\/ITI-Certification-Seals-scaled.jpg 1576w\" sizes=\"auto, (max-width: 185px) 100vw, 185px\" \/><\/p>\n<p>He sido aprobada por el Institute of Translation and Interpreting (el Instituto de Traducci\u00f3n e Interpretaci\u00f3n) como ITI Qualified Member (miembro cualificado del ITI) en traduccion. Puedo ofrecer traducciones oficiales, pero \u00bfqu\u00e9 significa exactamente? Bueno, una traducci\u00f3n \u2018oficial\u2019 se define como una traducci\u00f3n que ha sido sellada por una autoridad. Sin embargo, esta definici\u00f3n var\u00eda mucho de pa\u00eds a pa\u00eds. En el Reino Unido, yo puedo traducir un documento del espa\u00f1ol al ingl\u00e9s y fijar un sello de certificaci\u00f3n del ITI (lo cual se ve arriba) para certificar la traducci\u00f3n. Normalmente, la traducci\u00f3n tendr\u00eda adjuntada una declaraci\u00f3n indicando que atestiguo que la traducci\u00f3n es una traducci\u00f3n ver\u00eddica, completa y precisa del documento original que recib\u00ed. Esa es una traducci\u00f3n oficial o certificada.<\/p>\n<p>Hay tres otros tipos de traducciones oficiales: una traducci\u00f3n legalizada, una traducci\u00f3n autentificada por un\/a notario\/a y una traducci\u00f3n jurada.<\/p>\n<p>Una traducci\u00f3n legalizada tambi\u00e9n se conoce como una traducci\u00f3n apostillada. La autoridad competente en el Reino Unido para expedir un apostillado en el dorso de un documento original o una traducci\u00f3n es The Legalisation Office (La Oficina de Legalizaci\u00f3n) del Foreign, Commonwealth and Development Office (El Ministerio de Asuntos Exteriores, la Mancomunidad y Desarrollo). Recientemente, tuve unos documentos legalizados y la FCDO me devolvi\u00f3 los documentos apostillados m\u00e1s r\u00e1pidamente de lo que esperaba. Lo que necesita saber de estos documentos es que la FCDO no acredita la veracidad del contenido. Autentifica la firma del funcionario y asegura que el documento sea reconocido por todos los pa\u00edses firmantes del Convenio de la Haya de 1961.<\/p>\n<p>Una traducci\u00f3n autentificada por un notario\/una notar\u00eda tiene una declaraci\u00f3n del traductor \/ de la traductora que ha sido firmado por el notario \/ la notar\u00eda tambi\u00e9n o el notario \/ la notar\u00eda produce una declaraci\u00f3n relativa al documento original y la traducci\u00f3n. Normalmente, estas traducciones est\u00e1n destinadas a ser usadas en ultramar y el traductor \/ la traductora tiene que responsabilizarse por la traducci\u00f3n. El notario \/ La notaria no puede aprobar la calidad de la traducci\u00f3n, a menos que \u00e9l\/ ella sea un miembro cualificado del ITI en la combinaci\u00f3n ling\u00fc\u00edstica pertinente.<\/p>\n<p>Finalmente, hay la traducci\u00f3n jurada. Muchos clientes de habla espa\u00f1ola me piden hacer este tipo de traducci\u00f3n y siempre explico que el Reino Unido no tiene semejante figura como una traductora jurada. Es debido a nuestros distintos sistemas jur\u00eddicos. En Espa\u00f1a, los traductores jurados \/ las traductoras juradas con licenciatura o una cualificaci\u00f3n equivalente son nombrados y acreditados por el Ministerio de Asuntos Exteriores y Cooperaci\u00f3n (MAEC). Despu\u00e9s, el MAEC les coloca en su lista oficial de traductores jurados \/ traductoras juradas y pueden producir una traducci\u00f3n certificada, jurada u oficial.<\/p>\n<p>A partir del 1 de septiembre 2023, podr\u00e9 traducir sus documentos del espa\u00f1ol al ingl\u00e9s. En mis treinta a\u00f1os de traduccion he traducido muchos certificados de nacimiento, matrimonio y defuncion y expedientes academicos. Los ministerios y agencias brit\u00e1nicos reconocen la membresia del ITI. P\u00f3nse en contacto conmigo en las se\u00f1as indicadas.<\/p>\n<h2>Visitas guiadas<\/h2>\n<p><img loading=\"lazy\" decoding=\"async\" class=\"alignleft size-medium wp-image-400\" src=\"http:\/\/www.gomezprofessionalservices.com\/images\/Use-this-CLG-shield-238x300.jpg\" alt=\"\" width=\"238\" height=\"300\" srcset=\"https:\/\/gomezprofessionalservices.com\/images\/Use-this-CLG-shield-238x300.jpg 238w, https:\/\/gomezprofessionalservices.com\/images\/Use-this-CLG-shield-119x150.jpg 119w, https:\/\/gomezprofessionalservices.com\/images\/Use-this-CLG-shield-768x966.jpg 768w, https:\/\/gomezprofessionalservices.com\/images\/Use-this-CLG-shield-814x1024.jpg 814w, https:\/\/gomezprofessionalservices.com\/images\/Use-this-CLG-shield.jpg 1887w\" sizes=\"auto, (max-width: 238px) 100vw, 238px\" \/> Soy guia turistica titulada de la City de Londres (City of London Guide) y puedo ofrecer recorridos guiados en lengua inglesa o en espa\u00f1ol de la City en los siguientes \u00e1mbitos:<\/p>\n<ul>\n<li>Londr\u00e9s jur\u00eddico<\/li>\n<li>Recorrido de lo m\u00e1s destacado<\/li>\n<li>Londr\u00e9s romano<\/li>\n<li>El Gran Incendio de Londr\u00e9s y<\/li>\n<li>Los Callejones de Londr\u00e9s<\/li>\n<\/ul>\n","protected":false},"excerpt":{"rendered":"<p>Interpretaci\u00f3n Interpreto entre el espa\u00f1ol y el ingl\u00e9s y ofrezco varios tipos de servicios de interpretaci\u00f3n: Interpretci\u00f3n consecutiva Interpretaci\u00f3n simult\u00e1nea Interpretaci\u00f3n de conferencias (IC) Interpretaci\u00f3n simult\u00e1nea a distancia (RSI) Normalmente comparto la cabina de interpretaci\u00f3n con otro int\u00e9rprete cuyo fuerte&hellip;<\/p>\n","protected":false},"author":1,"featured_media":0,"parent":0,"menu_order":0,"comment_status":"closed","ping_status":"closed","template":"","meta":{"footnotes":""},"class_list":["post-94","page","type-page","status-publish","hentry","entry","no-media"],"yoast_head":"<!-- This site is optimized with the Yoast SEO plugin v27.3 - https:\/\/yoast.com\/product\/yoast-seo-wordpress\/ -->\n<title>Servicios - Gomez Professional Services<\/title>\n<meta name=\"robots\" content=\"index, follow, max-snippet:-1, max-image-preview:large, max-video-preview:-1\" \/>\n<link rel=\"canonical\" href=\"https:\/\/gomezprofessionalservices.com\/es\/servicios\/\" class=\"yoast-seo-meta-tag\" \/>\n<meta property=\"og:locale\" content=\"es_ES\" class=\"yoast-seo-meta-tag\" \/>\n<meta property=\"og:type\" content=\"article\" class=\"yoast-seo-meta-tag\" \/>\n<meta property=\"og:title\" content=\"Servicios - Gomez Professional Services\" class=\"yoast-seo-meta-tag\" \/>\n<meta property=\"og:description\" content=\"Interpretaci\u00f3n Interpreto entre el espa\u00f1ol y el ingl\u00e9s y ofrezco varios tipos de servicios de interpretaci\u00f3n: Interpretci\u00f3n consecutiva Interpretaci\u00f3n simult\u00e1nea Interpretaci\u00f3n de conferencias (IC) Interpretaci\u00f3n simult\u00e1nea a distancia (RSI) Normalmente comparto la cabina de interpretaci\u00f3n con otro int\u00e9rprete cuyo fuerte&hellip;\" class=\"yoast-seo-meta-tag\" \/>\n<meta property=\"og:url\" content=\"https:\/\/gomezprofessionalservices.com\/es\/servicios\/\" class=\"yoast-seo-meta-tag\" \/>\n<meta property=\"og:site_name\" content=\"Gomez Professional Services\" class=\"yoast-seo-meta-tag\" \/>\n<meta property=\"article:modified_time\" content=\"2023-08-18T11:36:31+00:00\" class=\"yoast-seo-meta-tag\" \/>\n<meta property=\"og:image\" content=\"https:\/\/gomezprofessionalservices.com\/images\/AHRC-RML-and-VL-facing-2-scaled.jpg\" class=\"yoast-seo-meta-tag\" \/>\n<meta name=\"twitter:card\" content=\"summary_large_image\" class=\"yoast-seo-meta-tag\" \/>\n<meta name=\"twitter:site\" content=\"@RMLuz63\" class=\"yoast-seo-meta-tag\" \/>\n<meta name=\"twitter:label1\" content=\"Tiempo de lectura\" class=\"yoast-seo-meta-tag\" \/>\n\t<meta name=\"twitter:data1\" content=\"5 minutos\" class=\"yoast-seo-meta-tag\" \/>\n<script type=\"application\/ld+json\" class=\"yoast-schema-graph\">{\"@context\":\"https:\\\/\\\/schema.org\",\"@graph\":[{\"@type\":\"WebPage\",\"@id\":\"https:\\\/\\\/gomezprofessionalservices.com\\\/es\\\/servicios\\\/\",\"url\":\"https:\\\/\\\/gomezprofessionalservices.com\\\/es\\\/servicios\\\/\",\"name\":\"Servicios - Gomez Professional Services\",\"isPartOf\":{\"@id\":\"https:\\\/\\\/gomezprofessionalservices.com\\\/#website\"},\"primaryImageOfPage\":{\"@id\":\"https:\\\/\\\/gomezprofessionalservices.com\\\/es\\\/servicios\\\/#primaryimage\"},\"image\":{\"@id\":\"https:\\\/\\\/gomezprofessionalservices.com\\\/es\\\/servicios\\\/#primaryimage\"},\"thumbnailUrl\":\"https:\\\/\\\/gomezprofessionalservices.com\\\/images\\\/AHRC-RML-and-VL-facing-2-scaled.jpg\",\"datePublished\":\"2017-05-31T18:40:20+00:00\",\"dateModified\":\"2023-08-18T11:36:31+00:00\",\"breadcrumb\":{\"@id\":\"https:\\\/\\\/gomezprofessionalservices.com\\\/es\\\/servicios\\\/#breadcrumb\"},\"inLanguage\":\"es\",\"potentialAction\":[{\"@type\":\"ReadAction\",\"target\":[\"https:\\\/\\\/gomezprofessionalservices.com\\\/es\\\/servicios\\\/\"]}]},{\"@type\":\"ImageObject\",\"inLanguage\":\"es\",\"@id\":\"https:\\\/\\\/gomezprofessionalservices.com\\\/es\\\/servicios\\\/#primaryimage\",\"url\":\"https:\\\/\\\/gomezprofessionalservices.com\\\/images\\\/AHRC-RML-and-VL-facing-2-scaled.jpg\",\"contentUrl\":\"https:\\\/\\\/gomezprofessionalservices.com\\\/images\\\/AHRC-RML-and-VL-facing-2-scaled.jpg\"},{\"@type\":\"BreadcrumbList\",\"@id\":\"https:\\\/\\\/gomezprofessionalservices.com\\\/es\\\/servicios\\\/#breadcrumb\",\"itemListElement\":[{\"@type\":\"ListItem\",\"position\":1,\"name\":\"Home\",\"item\":\"https:\\\/\\\/gomezprofessionalservices.com\\\/es\\\/\"},{\"@type\":\"ListItem\",\"position\":2,\"name\":\"Servicios\"}]},{\"@type\":\"WebSite\",\"@id\":\"https:\\\/\\\/gomezprofessionalservices.com\\\/#website\",\"url\":\"https:\\\/\\\/gomezprofessionalservices.com\\\/\",\"name\":\"Gomez Professional Services\",\"description\":\"Interpreter and Translator\",\"publisher\":{\"@id\":\"https:\\\/\\\/gomezprofessionalservices.com\\\/#organization\"},\"potentialAction\":[{\"@type\":\"SearchAction\",\"target\":{\"@type\":\"EntryPoint\",\"urlTemplate\":\"https:\\\/\\\/gomezprofessionalservices.com\\\/?s={search_term_string}\"},\"query-input\":{\"@type\":\"PropertyValueSpecification\",\"valueRequired\":true,\"valueName\":\"search_term_string\"}}],\"inLanguage\":\"es\"},{\"@type\":\"Organization\",\"@id\":\"https:\\\/\\\/gomezprofessionalservices.com\\\/#organization\",\"name\":\"Gomez Professional Services\",\"url\":\"https:\\\/\\\/gomezprofessionalservices.com\\\/\",\"logo\":{\"@type\":\"ImageObject\",\"inLanguage\":\"es\",\"@id\":\"https:\\\/\\\/gomezprofessionalservices.com\\\/#\\\/schema\\\/logo\\\/image\\\/\",\"url\":\"https:\\\/\\\/gomezprofessionalservices.com\\\/images\\\/Small-4587.jpg\",\"contentUrl\":\"https:\\\/\\\/gomezprofessionalservices.com\\\/images\\\/Small-4587.jpg\",\"width\":714,\"height\":1000,\"caption\":\"Gomez Professional Services\"},\"image\":{\"@id\":\"https:\\\/\\\/gomezprofessionalservices.com\\\/#\\\/schema\\\/logo\\\/image\\\/\"},\"sameAs\":[\"https:\\\/\\\/x.com\\\/RMLuz63\",\"https:\\\/\\\/www.linkedin.com\\\/in\\\/rosemaryluz\"]}]}<\/script>\n<!-- \/ Yoast SEO plugin. -->","yoast_head_json":{"title":"Servicios - Gomez Professional Services","robots":{"index":"index","follow":"follow","max-snippet":"max-snippet:-1","max-image-preview":"max-image-preview:large","max-video-preview":"max-video-preview:-1"},"canonical":"https:\/\/gomezprofessionalservices.com\/es\/servicios\/","og_locale":"es_ES","og_type":"article","og_title":"Servicios - Gomez Professional Services","og_description":"Interpretaci\u00f3n Interpreto entre el espa\u00f1ol y el ingl\u00e9s y ofrezco varios tipos de servicios de interpretaci\u00f3n: Interpretci\u00f3n consecutiva Interpretaci\u00f3n simult\u00e1nea Interpretaci\u00f3n de conferencias (IC) Interpretaci\u00f3n simult\u00e1nea a distancia (RSI) Normalmente comparto la cabina de interpretaci\u00f3n con otro int\u00e9rprete cuyo fuerte&hellip;","og_url":"https:\/\/gomezprofessionalservices.com\/es\/servicios\/","og_site_name":"Gomez Professional Services","article_modified_time":"2023-08-18T11:36:31+00:00","og_image":[{"url":"https:\/\/gomezprofessionalservices.com\/images\/AHRC-RML-and-VL-facing-2-scaled.jpg","type":"","width":"","height":""}],"twitter_card":"summary_large_image","twitter_site":"@RMLuz63","twitter_misc":{"Tiempo de lectura":"5 minutos"},"schema":{"@context":"https:\/\/schema.org","@graph":[{"@type":"WebPage","@id":"https:\/\/gomezprofessionalservices.com\/es\/servicios\/","url":"https:\/\/gomezprofessionalservices.com\/es\/servicios\/","name":"Servicios - Gomez Professional Services","isPartOf":{"@id":"https:\/\/gomezprofessionalservices.com\/#website"},"primaryImageOfPage":{"@id":"https:\/\/gomezprofessionalservices.com\/es\/servicios\/#primaryimage"},"image":{"@id":"https:\/\/gomezprofessionalservices.com\/es\/servicios\/#primaryimage"},"thumbnailUrl":"https:\/\/gomezprofessionalservices.com\/images\/AHRC-RML-and-VL-facing-2-scaled.jpg","datePublished":"2017-05-31T18:40:20+00:00","dateModified":"2023-08-18T11:36:31+00:00","breadcrumb":{"@id":"https:\/\/gomezprofessionalservices.com\/es\/servicios\/#breadcrumb"},"inLanguage":"es","potentialAction":[{"@type":"ReadAction","target":["https:\/\/gomezprofessionalservices.com\/es\/servicios\/"]}]},{"@type":"ImageObject","inLanguage":"es","@id":"https:\/\/gomezprofessionalservices.com\/es\/servicios\/#primaryimage","url":"https:\/\/gomezprofessionalservices.com\/images\/AHRC-RML-and-VL-facing-2-scaled.jpg","contentUrl":"https:\/\/gomezprofessionalservices.com\/images\/AHRC-RML-and-VL-facing-2-scaled.jpg"},{"@type":"BreadcrumbList","@id":"https:\/\/gomezprofessionalservices.com\/es\/servicios\/#breadcrumb","itemListElement":[{"@type":"ListItem","position":1,"name":"Home","item":"https:\/\/gomezprofessionalservices.com\/es\/"},{"@type":"ListItem","position":2,"name":"Servicios"}]},{"@type":"WebSite","@id":"https:\/\/gomezprofessionalservices.com\/#website","url":"https:\/\/gomezprofessionalservices.com\/","name":"Gomez Professional Services","description":"Interpreter and Translator","publisher":{"@id":"https:\/\/gomezprofessionalservices.com\/#organization"},"potentialAction":[{"@type":"SearchAction","target":{"@type":"EntryPoint","urlTemplate":"https:\/\/gomezprofessionalservices.com\/?s={search_term_string}"},"query-input":{"@type":"PropertyValueSpecification","valueRequired":true,"valueName":"search_term_string"}}],"inLanguage":"es"},{"@type":"Organization","@id":"https:\/\/gomezprofessionalservices.com\/#organization","name":"Gomez Professional Services","url":"https:\/\/gomezprofessionalservices.com\/","logo":{"@type":"ImageObject","inLanguage":"es","@id":"https:\/\/gomezprofessionalservices.com\/#\/schema\/logo\/image\/","url":"https:\/\/gomezprofessionalservices.com\/images\/Small-4587.jpg","contentUrl":"https:\/\/gomezprofessionalservices.com\/images\/Small-4587.jpg","width":714,"height":1000,"caption":"Gomez Professional Services"},"image":{"@id":"https:\/\/gomezprofessionalservices.com\/#\/schema\/logo\/image\/"},"sameAs":["https:\/\/x.com\/RMLuz63","https:\/\/www.linkedin.com\/in\/rosemaryluz"]}]}},"_links":{"self":[{"href":"https:\/\/gomezprofessionalservices.com\/es\/wp-json\/wp\/v2\/pages\/94","targetHints":{"allow":["GET"]}}],"collection":[{"href":"https:\/\/gomezprofessionalservices.com\/es\/wp-json\/wp\/v2\/pages"}],"about":[{"href":"https:\/\/gomezprofessionalservices.com\/es\/wp-json\/wp\/v2\/types\/page"}],"author":[{"embeddable":true,"href":"https:\/\/gomezprofessionalservices.com\/es\/wp-json\/wp\/v2\/users\/1"}],"replies":[{"embeddable":true,"href":"https:\/\/gomezprofessionalservices.com\/es\/wp-json\/wp\/v2\/comments?post=94"}],"version-history":[{"count":19,"href":"https:\/\/gomezprofessionalservices.com\/es\/wp-json\/wp\/v2\/pages\/94\/revisions"}],"predecessor-version":[{"id":1315,"href":"https:\/\/gomezprofessionalservices.com\/es\/wp-json\/wp\/v2\/pages\/94\/revisions\/1315"}],"wp:attachment":[{"href":"https:\/\/gomezprofessionalservices.com\/es\/wp-json\/wp\/v2\/media?parent=94"}],"curies":[{"name":"wp","href":"https:\/\/api.w.org\/{rel}","templated":true}]}}