{"id":105,"date":"2017-05-31T20:03:22","date_gmt":"2017-05-31T19:03:22","guid":{"rendered":"http:\/\/4u2feelgood.co.uk\/gs\/fees\/"},"modified":"2021-05-13T16:20:58","modified_gmt":"2021-05-13T15:20:58","slug":"la-remuneration","status":"publish","type":"page","link":"https:\/\/gomezprofessionalservices.com\/fr\/la-remuneration\/","title":{"rendered":"La Remuneration"},"content":{"rendered":"<h2>L&rsquo;interpretation<\/h2>\n<p><img loading=\"lazy\" decoding=\"async\" class=\" wp-image-938 alignleft\" src=\"https:\/\/gomezprofessionalservices.com\/images\/LESS-BLURRED-scaled.jpg\" alt=\"\" width=\"200\" height=\"300\" srcset=\"https:\/\/gomezprofessionalservices.com\/images\/LESS-BLURRED-scaled.jpg 1708w, https:\/\/gomezprofessionalservices.com\/images\/LESS-BLURRED-200x300.jpg 200w, https:\/\/gomezprofessionalservices.com\/images\/LESS-BLURRED-683x1024.jpg 683w, https:\/\/gomezprofessionalservices.com\/images\/LESS-BLURRED-100x150.jpg 100w, https:\/\/gomezprofessionalservices.com\/images\/LESS-BLURRED-768x1151.jpg 768w, https:\/\/gomezprofessionalservices.com\/images\/LESS-BLURRED-1025x1536.jpg 1025w, https:\/\/gomezprofessionalservices.com\/images\/LESS-BLURRED-1367x2048.jpg 1367w\" sizes=\"auto, (max-width: 200px) 100vw, 200px\" \/>La tarif de l&rsquo;interpretation est compatible avec les tarifs du march\u00e9 actuel bien que la plupart des contrats soit \u00e9valu\u00e9e individuellement. Le co\u00fbt de transport peut \u00eatre paye de Londres ou de Bruxelles.<\/p>\n<p>Mon enterprise fait payer des honoraires d&rsquo;annulation. Pour cette raison il est important d&rsquo;\u00eatre certain que l&rsquo;\u00e9v\u00e9nement ait lieu pour \u00e9viter des co\u00fbts inutiles.<\/p>\n<p>Au cas ou vous voudriez engager mes services et un autre interpr\u00e8te, les honoraires seront le co\u00fbt d&rsquo;engagement de deux interpr\u00e8tes.<\/p>\n<p>Aussi, je peux vous assister avec l&rsquo;engagement d&rsquo;\u00e9quipment de l&rsquo;intepretation (par exemple, un \u00e9quipement Sennheiser de guide touristique ou des cabines d&rsquo;interpretation).<\/p>\n<p>Mettez-vous en contact avec moi pour discuter de chacun de ces sujets. C&rsquo;est particuli\u00e8rement important maintenant parce que nous devons respecter la distanciation sociale.<\/p>\n<h2>La traduction<\/h2>\n<p><img loading=\"lazy\" decoding=\"async\" class=\" wp-image-675 alignleft\" src=\"https:\/\/gomezprofessionalservices.com\/images\/Multicoloured-Keyboard-scaled.jpg\" alt=\"\" width=\"373\" height=\"154\" srcset=\"https:\/\/gomezprofessionalservices.com\/images\/Multicoloured-Keyboard-scaled.jpg 2560w, https:\/\/gomezprofessionalservices.com\/images\/Multicoloured-Keyboard-300x124.jpg 300w, https:\/\/gomezprofessionalservices.com\/images\/Multicoloured-Keyboard-1024x422.jpg 1024w, https:\/\/gomezprofessionalservices.com\/images\/Multicoloured-Keyboard-150x62.jpg 150w, https:\/\/gomezprofessionalservices.com\/images\/Multicoloured-Keyboard-768x316.jpg 768w, https:\/\/gomezprofessionalservices.com\/images\/Multicoloured-Keyboard-1536x633.jpg 1536w, https:\/\/gomezprofessionalservices.com\/images\/Multicoloured-Keyboard-2048x844.jpg 2048w\" sizes=\"auto, (max-width: 373px) 100vw, 373px\" \/>Les honoraires varient selon le sujet et la technicit\u00e9 du texte. Pour les documents d&rsquo;une nature g\u00e9n\u00e9rale ma soci\u00e9t\u00e9 fera payer moins que les textes juridiques, m\u00e9dicaux, techniques ou sp\u00e9cialis\u00e9s. La r\u00e9mun\u00e9ration est facture sur la base des 1000 mots \u00e9crits en espagnol (la langue de d\u00e9part).<\/p>\n<p>On doit consid\u00e9rer la condition du document original parce que la pauvre visibilit\u00e9 peut pr\u00e9senter des probl\u00e9mes. Par exemple, les documents qui ont \u00e9t\u00e9 pass\u00e9s par un scanner ou un photocopieur sont pr\u00e9f\u00e9rables. Dans quelques cas rares, il sera n\u00e9cessaire de voir le document original.<\/p>\n<p>Faire la traduction dans un format qui s&rsquo;approche le plus possible du document original impliquera un co\u00fbt additionel. Aujourd&rsquo;hui le logiciel de traduction me permet de resoudre les co\u00fbts et les probl\u00e9mes de la mise en forme seulement si vous pouvez m&rsquo;envoyer le document original dans le format de Word.<\/p>\n<p>Pour discuter de chaque sujet, contactez moi.<\/p>\n<h2>Le tourisme<\/h2>\n<p><img loading=\"lazy\" decoding=\"async\" class=\"alignleft size-medium wp-image-389\" src=\"http:\/\/www.gomezprofessionalservices.com\/images\/tmp229712600-300x300.jpg\" alt=\"\" width=\"300\" height=\"300\" srcset=\"https:\/\/gomezprofessionalservices.com\/images\/tmp229712600-300x300.jpg 300w, https:\/\/gomezprofessionalservices.com\/images\/tmp229712600-150x150.jpg 150w, https:\/\/gomezprofessionalservices.com\/images\/tmp229712600-768x768.jpg 768w, https:\/\/gomezprofessionalservices.com\/images\/tmp229712600-1024x1024.jpg 1024w\" sizes=\"auto, (max-width: 300px) 100vw, 300px\" \/><span style=\"font-size: 16px;\"><span style=\"font-size: 18px;\">D&rsquo;habitude, je facture a un tarif fix\u00e9. Par cons\u00e9quent le plus grand nombre de personnes que vous pourriez emmener avec vous sur le tour et le moins sera le co\u00fbt individuel. Id\u00e9alement, je pr\u00e9f\u00e9re travailler avec une groupe de dix personnes. <\/span><\/span><\/p>\n<p><span style=\"font-size: 16px;\"><span style=\"font-size: 18px;\">Mes honoraires refl\u00e8tent la reconnaissance de l&rsquo;itin\u00e9raire que j&rsquo;effectue avant de donner le tour plus mon temps \u00e0 vous guider sur le tour. Beaucoup de gens aiment terminer le tour dans un pub ou un restuarant d&rsquo;une certaine renomm\u00e9e. Je peux organiser cela pour vous dans le cadre de mes services. Encore une fois, en raison de la pand\u00e9mie et du besoin de distanciation sociale, nous devons parler de la logistique. Pour le moment, le gouvernemente britannique ne me permettra que de guider cinq personnes.<br \/>\n<\/span><\/span><\/p>\n<p>&nbsp;<\/p>\n","protected":false},"excerpt":{"rendered":"<p>L&rsquo;interpretation La tarif de l&rsquo;interpretation est compatible avec les tarifs du march\u00e9 actuel bien que la plupart des contrats soit \u00e9valu\u00e9e individuellement. Le co\u00fbt de transport peut \u00eatre paye de Londres ou de Bruxelles. Mon enterprise fait payer des honoraires&hellip;<\/p>\n","protected":false},"author":1,"featured_media":0,"parent":0,"menu_order":0,"comment_status":"closed","ping_status":"closed","template":"","meta":{"footnotes":""},"class_list":["post-105","page","type-page","status-publish","hentry","entry","no-media"],"yoast_head":"<!-- This site is optimized with the Yoast SEO plugin v27.4 - https:\/\/yoast.com\/product\/yoast-seo-wordpress\/ -->\n<title>La Remuneration - Gomez Professional Services<\/title>\n<meta name=\"robots\" content=\"index, follow, max-snippet:-1, max-image-preview:large, max-video-preview:-1\" \/>\n<link rel=\"canonical\" href=\"https:\/\/gomezprofessionalservices.com\/fr\/la-remuneration\/\" class=\"yoast-seo-meta-tag\" \/>\n<meta property=\"og:locale\" content=\"fr_FR\" class=\"yoast-seo-meta-tag\" \/>\n<meta property=\"og:type\" content=\"article\" class=\"yoast-seo-meta-tag\" \/>\n<meta property=\"og:title\" content=\"La Remuneration - Gomez Professional Services\" class=\"yoast-seo-meta-tag\" \/>\n<meta property=\"og:description\" content=\"L&rsquo;interpretation La tarif de l&rsquo;interpretation est compatible avec les tarifs du march\u00e9 actuel bien que la plupart des contrats soit \u00e9valu\u00e9e individuellement. Le co\u00fbt de transport peut \u00eatre paye de Londres ou de Bruxelles. Mon enterprise fait payer des honoraires&hellip;\" class=\"yoast-seo-meta-tag\" \/>\n<meta property=\"og:url\" content=\"https:\/\/gomezprofessionalservices.com\/fr\/la-remuneration\/\" class=\"yoast-seo-meta-tag\" \/>\n<meta property=\"og:site_name\" content=\"Gomez Professional Services\" class=\"yoast-seo-meta-tag\" \/>\n<meta property=\"article:modified_time\" content=\"2021-05-13T15:20:58+00:00\" class=\"yoast-seo-meta-tag\" \/>\n<meta property=\"og:image\" content=\"https:\/\/gomezprofessionalservices.com\/images\/LESS-BLURRED-scaled.jpg\" class=\"yoast-seo-meta-tag\" \/>\n<meta name=\"twitter:card\" content=\"summary_large_image\" class=\"yoast-seo-meta-tag\" \/>\n<meta name=\"twitter:site\" content=\"@RMLuz63\" class=\"yoast-seo-meta-tag\" \/>\n<meta name=\"twitter:label1\" content=\"Dur\u00e9e de lecture estim\u00e9e\" class=\"yoast-seo-meta-tag\" \/>\n\t<meta name=\"twitter:data1\" content=\"3 minutes\" class=\"yoast-seo-meta-tag\" \/>\n<script type=\"application\/ld+json\" class=\"yoast-schema-graph\">{\"@context\":\"https:\\\/\\\/schema.org\",\"@graph\":[{\"@type\":\"WebPage\",\"@id\":\"https:\\\/\\\/gomezprofessionalservices.com\\\/fr\\\/la-remuneration\\\/\",\"url\":\"https:\\\/\\\/gomezprofessionalservices.com\\\/fr\\\/la-remuneration\\\/\",\"name\":\"La Remuneration - Gomez Professional Services\",\"isPartOf\":{\"@id\":\"https:\\\/\\\/gomezprofessionalservices.com\\\/fr\\\/#website\"},\"primaryImageOfPage\":{\"@id\":\"https:\\\/\\\/gomezprofessionalservices.com\\\/fr\\\/la-remuneration\\\/#primaryimage\"},\"image\":{\"@id\":\"https:\\\/\\\/gomezprofessionalservices.com\\\/fr\\\/la-remuneration\\\/#primaryimage\"},\"thumbnailUrl\":\"https:\\\/\\\/gomezprofessionalservices.com\\\/images\\\/LESS-BLURRED-scaled.jpg\",\"datePublished\":\"2017-05-31T19:03:22+00:00\",\"dateModified\":\"2021-05-13T15:20:58+00:00\",\"breadcrumb\":{\"@id\":\"https:\\\/\\\/gomezprofessionalservices.com\\\/fr\\\/la-remuneration\\\/#breadcrumb\"},\"inLanguage\":\"fr-FR\",\"potentialAction\":[{\"@type\":\"ReadAction\",\"target\":[\"https:\\\/\\\/gomezprofessionalservices.com\\\/fr\\\/la-remuneration\\\/\"]}]},{\"@type\":\"ImageObject\",\"inLanguage\":\"fr-FR\",\"@id\":\"https:\\\/\\\/gomezprofessionalservices.com\\\/fr\\\/la-remuneration\\\/#primaryimage\",\"url\":\"https:\\\/\\\/gomezprofessionalservices.com\\\/images\\\/LESS-BLURRED-scaled.jpg\",\"contentUrl\":\"https:\\\/\\\/gomezprofessionalservices.com\\\/images\\\/LESS-BLURRED-scaled.jpg\"},{\"@type\":\"BreadcrumbList\",\"@id\":\"https:\\\/\\\/gomezprofessionalservices.com\\\/fr\\\/la-remuneration\\\/#breadcrumb\",\"itemListElement\":[{\"@type\":\"ListItem\",\"position\":1,\"name\":\"Home\",\"item\":\"https:\\\/\\\/gomezprofessionalservices.com\\\/fr\\\/\"},{\"@type\":\"ListItem\",\"position\":2,\"name\":\"La Remuneration\"}]},{\"@type\":\"WebSite\",\"@id\":\"https:\\\/\\\/gomezprofessionalservices.com\\\/fr\\\/#website\",\"url\":\"https:\\\/\\\/gomezprofessionalservices.com\\\/fr\\\/\",\"name\":\"Gomez Professional Services\",\"description\":\"Interpreter and Translator\",\"publisher\":{\"@id\":\"https:\\\/\\\/gomezprofessionalservices.com\\\/fr\\\/#organization\"},\"potentialAction\":[{\"@type\":\"SearchAction\",\"target\":{\"@type\":\"EntryPoint\",\"urlTemplate\":\"https:\\\/\\\/gomezprofessionalservices.com\\\/fr\\\/?s={search_term_string}\"},\"query-input\":{\"@type\":\"PropertyValueSpecification\",\"valueRequired\":true,\"valueName\":\"search_term_string\"}}],\"inLanguage\":\"fr-FR\"},{\"@type\":\"Organization\",\"@id\":\"https:\\\/\\\/gomezprofessionalservices.com\\\/fr\\\/#organization\",\"name\":\"Gomez Professional Services\",\"url\":\"https:\\\/\\\/gomezprofessionalservices.com\\\/fr\\\/\",\"logo\":{\"@type\":\"ImageObject\",\"inLanguage\":\"fr-FR\",\"@id\":\"https:\\\/\\\/gomezprofessionalservices.com\\\/fr\\\/#\\\/schema\\\/logo\\\/image\\\/\",\"url\":\"https:\\\/\\\/gomezprofessionalservices.com\\\/images\\\/Small-4587.jpg\",\"contentUrl\":\"https:\\\/\\\/gomezprofessionalservices.com\\\/images\\\/Small-4587.jpg\",\"width\":714,\"height\":1000,\"caption\":\"Gomez Professional Services\"},\"image\":{\"@id\":\"https:\\\/\\\/gomezprofessionalservices.com\\\/fr\\\/#\\\/schema\\\/logo\\\/image\\\/\"},\"sameAs\":[\"https:\\\/\\\/x.com\\\/RMLuz63\",\"https:\\\/\\\/www.linkedin.com\\\/in\\\/rosemaryluz\"]}]}<\/script>\n<!-- \/ Yoast SEO plugin. -->","yoast_head_json":{"title":"La Remuneration - Gomez Professional Services","robots":{"index":"index","follow":"follow","max-snippet":"max-snippet:-1","max-image-preview":"max-image-preview:large","max-video-preview":"max-video-preview:-1"},"canonical":"https:\/\/gomezprofessionalservices.com\/fr\/la-remuneration\/","og_locale":"fr_FR","og_type":"article","og_title":"La Remuneration - Gomez Professional Services","og_description":"L&rsquo;interpretation La tarif de l&rsquo;interpretation est compatible avec les tarifs du march\u00e9 actuel bien que la plupart des contrats soit \u00e9valu\u00e9e individuellement. Le co\u00fbt de transport peut \u00eatre paye de Londres ou de Bruxelles. Mon enterprise fait payer des honoraires&hellip;","og_url":"https:\/\/gomezprofessionalservices.com\/fr\/la-remuneration\/","og_site_name":"Gomez Professional Services","article_modified_time":"2021-05-13T15:20:58+00:00","og_image":[{"url":"https:\/\/gomezprofessionalservices.com\/images\/LESS-BLURRED-scaled.jpg","type":"","width":"","height":""}],"twitter_card":"summary_large_image","twitter_site":"@RMLuz63","twitter_misc":{"Dur\u00e9e de lecture estim\u00e9e":"3 minutes"},"schema":{"@context":"https:\/\/schema.org","@graph":[{"@type":"WebPage","@id":"https:\/\/gomezprofessionalservices.com\/fr\/la-remuneration\/","url":"https:\/\/gomezprofessionalservices.com\/fr\/la-remuneration\/","name":"La Remuneration - Gomez Professional Services","isPartOf":{"@id":"https:\/\/gomezprofessionalservices.com\/fr\/#website"},"primaryImageOfPage":{"@id":"https:\/\/gomezprofessionalservices.com\/fr\/la-remuneration\/#primaryimage"},"image":{"@id":"https:\/\/gomezprofessionalservices.com\/fr\/la-remuneration\/#primaryimage"},"thumbnailUrl":"https:\/\/gomezprofessionalservices.com\/images\/LESS-BLURRED-scaled.jpg","datePublished":"2017-05-31T19:03:22+00:00","dateModified":"2021-05-13T15:20:58+00:00","breadcrumb":{"@id":"https:\/\/gomezprofessionalservices.com\/fr\/la-remuneration\/#breadcrumb"},"inLanguage":"fr-FR","potentialAction":[{"@type":"ReadAction","target":["https:\/\/gomezprofessionalservices.com\/fr\/la-remuneration\/"]}]},{"@type":"ImageObject","inLanguage":"fr-FR","@id":"https:\/\/gomezprofessionalservices.com\/fr\/la-remuneration\/#primaryimage","url":"https:\/\/gomezprofessionalservices.com\/images\/LESS-BLURRED-scaled.jpg","contentUrl":"https:\/\/gomezprofessionalservices.com\/images\/LESS-BLURRED-scaled.jpg"},{"@type":"BreadcrumbList","@id":"https:\/\/gomezprofessionalservices.com\/fr\/la-remuneration\/#breadcrumb","itemListElement":[{"@type":"ListItem","position":1,"name":"Home","item":"https:\/\/gomezprofessionalservices.com\/fr\/"},{"@type":"ListItem","position":2,"name":"La Remuneration"}]},{"@type":"WebSite","@id":"https:\/\/gomezprofessionalservices.com\/fr\/#website","url":"https:\/\/gomezprofessionalservices.com\/fr\/","name":"Gomez Professional Services","description":"Interpreter and Translator","publisher":{"@id":"https:\/\/gomezprofessionalservices.com\/fr\/#organization"},"potentialAction":[{"@type":"SearchAction","target":{"@type":"EntryPoint","urlTemplate":"https:\/\/gomezprofessionalservices.com\/fr\/?s={search_term_string}"},"query-input":{"@type":"PropertyValueSpecification","valueRequired":true,"valueName":"search_term_string"}}],"inLanguage":"fr-FR"},{"@type":"Organization","@id":"https:\/\/gomezprofessionalservices.com\/fr\/#organization","name":"Gomez Professional Services","url":"https:\/\/gomezprofessionalservices.com\/fr\/","logo":{"@type":"ImageObject","inLanguage":"fr-FR","@id":"https:\/\/gomezprofessionalservices.com\/fr\/#\/schema\/logo\/image\/","url":"https:\/\/gomezprofessionalservices.com\/images\/Small-4587.jpg","contentUrl":"https:\/\/gomezprofessionalservices.com\/images\/Small-4587.jpg","width":714,"height":1000,"caption":"Gomez Professional Services"},"image":{"@id":"https:\/\/gomezprofessionalservices.com\/fr\/#\/schema\/logo\/image\/"},"sameAs":["https:\/\/x.com\/RMLuz63","https:\/\/www.linkedin.com\/in\/rosemaryluz"]}]}},"_links":{"self":[{"href":"https:\/\/gomezprofessionalservices.com\/fr\/wp-json\/wp\/v2\/pages\/105","targetHints":{"allow":["GET"]}}],"collection":[{"href":"https:\/\/gomezprofessionalservices.com\/fr\/wp-json\/wp\/v2\/pages"}],"about":[{"href":"https:\/\/gomezprofessionalservices.com\/fr\/wp-json\/wp\/v2\/types\/page"}],"author":[{"embeddable":true,"href":"https:\/\/gomezprofessionalservices.com\/fr\/wp-json\/wp\/v2\/users\/1"}],"replies":[{"embeddable":true,"href":"https:\/\/gomezprofessionalservices.com\/fr\/wp-json\/wp\/v2\/comments?post=105"}],"version-history":[{"count":14,"href":"https:\/\/gomezprofessionalservices.com\/fr\/wp-json\/wp\/v2\/pages\/105\/revisions"}],"predecessor-version":[{"id":944,"href":"https:\/\/gomezprofessionalservices.com\/fr\/wp-json\/wp\/v2\/pages\/105\/revisions\/944"}],"wp:attachment":[{"href":"https:\/\/gomezprofessionalservices.com\/fr\/wp-json\/wp\/v2\/media?parent=105"}],"curies":[{"name":"wp","href":"https:\/\/api.w.org\/{rel}","templated":true}]}}