{"id":115,"date":"2017-05-31T19:17:14","date_gmt":"2017-05-31T18:17:14","guid":{"rendered":"http:\/\/4u2feelgood.co.uk\/gs\/about-me\/"},"modified":"2021-05-14T09:32:28","modified_gmt":"2021-05-14T08:32:28","slug":"propos-de-moi","status":"publish","type":"page","link":"https:\/\/gomezprofessionalservices.com\/fr\/propos-de-moi\/","title":{"rendered":"A Propos de Moi"},"content":{"rendered":"<p><img loading=\"lazy\" decoding=\"async\" class=\" wp-image-922 alignleft\" src=\"https:\/\/gomezprofessionalservices.com\/images\/Small-4668.jpg\" alt=\"\" width=\"283\" height=\"396\" srcset=\"https:\/\/gomezprofessionalservices.com\/images\/Small-4668.jpg 714w, https:\/\/gomezprofessionalservices.com\/images\/Small-4668-214x300.jpg 214w, https:\/\/gomezprofessionalservices.com\/images\/Small-4668-107x150.jpg 107w\" sizes=\"auto, (max-width: 283px) 100vw, 283px\" \/> N\u00e9e et form\u00e9e en Grande Bretagne, j&rsquo;ai une licence de l&rsquo;universit\u00e9 de Sheffield City Polytechnic ( maintenant Sheffield Hallam University). J&rsquo;ai un dipl\u00f4me d&rsquo;interpretation des services publics (DPSI) et le dipl\u00f4me de traduction (DipTrans). Les deux dipl\u00f4mes sont de City University, Londres. Je suis un linguiste agr\u00e9\u00e9 par le Chartered Institute of Linguists.<\/p>\n<p>J&rsquo;ai grandi bilingue entre l&rsquo;espagnol et l&rsquo;anglais. Donc, bascule entre les deux langues est quelque chose que j&rsquo;ai fait toute ma vie. J&rsquo;ai plus de vingt ans d&rsquo;exp\u00e9rience comme intepr\u00e8te et traductrice juridique dans le systeme de justice criminelle. A partir de 1998 j&rsquo;ai commenc\u00e9 \u00e0 interpr\u00e9ter, et j&rsquo;interpr\u00e8te encore pour de nombreuses d\u00e9l\u00e9gations du Congr\u00e8s de pays d&rsquo;Am\u00e9rique du Sud comme aux invit\u00e9s sp\u00e9ciaux du British Council, du gouvernement de sa Majest\u00e9 et des organisations parlementaires. Je suis interpr\u00e8te asserment\u00e9 par le Minist\u00e8re Britannique des Affaires \u00c9trang\u00e8res \u00a0\u00a0 ( Foreign and Commonwealth Office ) depuis 1998. Cette merveilleuse exp\u00e9rience m&rsquo;a conduit a traiter un grand nombre de sujets. Mes specialisations sont \u00e9num\u00e9r\u00e9s dans la page &lsquo;Mes services&rsquo;.<\/p>\n<p>Je suis \u00e9galement interpr\u00e8te de conf\u00e9rence dans le secteur priv\u00e9 pour les multinationales et des organisations internationales, y compris les Nations Unies.<\/p>\n<p>Mon travail juridique m&rsquo;a conduit dans le domaine des traductions m\u00e9dicales et j&rsquo;ai livr\u00e9 de nombreuses traductions relatives aux sciences de la vie et aux articles m\u00e9dicaux. Depuis 2014 j&rsquo;ai traduit plus de 150 articles m\u00e9dicaux et documents hospitaliers pour Lionbridge.<\/p>\n<h2>L&rsquo;accreditation professionelle<\/h2>\n<p>L&rsquo;institut de la traduction et l&rsquo;interpretation (ITI), le registre national des interpr\u00e8tes des services publics (NRPSI) et l&rsquo;institut agr\u00e9\u00e9 des linguistes (CIoL). Le CIoL m&rsquo;a certifi\u00e9 comme linguiste agr\u00e9\u00e9.<\/p>\n<h2>Les recommendations<\/h2>\n[vcex_testimonials_grid]\n","protected":false},"excerpt":{"rendered":"<p>N\u00e9e et form\u00e9e en Grande Bretagne, j&rsquo;ai une licence de l&rsquo;universit\u00e9 de Sheffield City Polytechnic ( maintenant Sheffield Hallam University). J&rsquo;ai un dipl\u00f4me d&rsquo;interpretation des services publics (DPSI) et le dipl\u00f4me de traduction (DipTrans). Les deux dipl\u00f4mes sont de City&hellip;<\/p>\n","protected":false},"author":1,"featured_media":0,"parent":0,"menu_order":0,"comment_status":"closed","ping_status":"closed","template":"","meta":{"footnotes":""},"class_list":["post-115","page","type-page","status-publish","hentry","entry","no-media"],"yoast_head":"<!-- This site is optimized with the Yoast SEO plugin v27.3 - https:\/\/yoast.com\/product\/yoast-seo-wordpress\/ -->\n<title>A Propos de Moi - Gomez Professional Services<\/title>\n<meta name=\"robots\" content=\"index, follow, max-snippet:-1, max-image-preview:large, max-video-preview:-1\" \/>\n<link rel=\"canonical\" href=\"https:\/\/gomezprofessionalservices.com\/fr\/propos-de-moi\/\" class=\"yoast-seo-meta-tag\" \/>\n<meta property=\"og:locale\" content=\"fr_FR\" class=\"yoast-seo-meta-tag\" \/>\n<meta property=\"og:type\" content=\"article\" class=\"yoast-seo-meta-tag\" \/>\n<meta property=\"og:title\" content=\"A Propos de Moi - Gomez Professional Services\" class=\"yoast-seo-meta-tag\" \/>\n<meta property=\"og:description\" content=\"N\u00e9e et form\u00e9e en Grande Bretagne, j&rsquo;ai une licence de l&rsquo;universit\u00e9 de Sheffield City Polytechnic ( maintenant Sheffield Hallam University). J&rsquo;ai un dipl\u00f4me d&rsquo;interpretation des services publics (DPSI) et le dipl\u00f4me de traduction (DipTrans). Les deux dipl\u00f4mes sont de City&hellip;\" class=\"yoast-seo-meta-tag\" \/>\n<meta property=\"og:url\" content=\"https:\/\/gomezprofessionalservices.com\/fr\/propos-de-moi\/\" class=\"yoast-seo-meta-tag\" \/>\n<meta property=\"og:site_name\" content=\"Gomez Professional Services\" class=\"yoast-seo-meta-tag\" \/>\n<meta property=\"article:modified_time\" content=\"2021-05-14T08:32:28+00:00\" class=\"yoast-seo-meta-tag\" \/>\n<meta property=\"og:image\" content=\"https:\/\/gomezprofessionalservices.com\/images\/Small-4668.jpg\" class=\"yoast-seo-meta-tag\" \/>\n<meta name=\"twitter:card\" content=\"summary_large_image\" class=\"yoast-seo-meta-tag\" \/>\n<meta name=\"twitter:site\" content=\"@RMLuz63\" class=\"yoast-seo-meta-tag\" \/>\n<meta name=\"twitter:label1\" content=\"Dur\u00e9e de lecture estim\u00e9e\" class=\"yoast-seo-meta-tag\" \/>\n\t<meta name=\"twitter:data1\" content=\"2 minutes\" class=\"yoast-seo-meta-tag\" \/>\n<script type=\"application\/ld+json\" class=\"yoast-schema-graph\">{\"@context\":\"https:\\\/\\\/schema.org\",\"@graph\":[{\"@type\":\"WebPage\",\"@id\":\"https:\\\/\\\/gomezprofessionalservices.com\\\/fr\\\/propos-de-moi\\\/\",\"url\":\"https:\\\/\\\/gomezprofessionalservices.com\\\/fr\\\/propos-de-moi\\\/\",\"name\":\"A Propos de Moi - Gomez Professional Services\",\"isPartOf\":{\"@id\":\"https:\\\/\\\/gomezprofessionalservices.com\\\/#website\"},\"primaryImageOfPage\":{\"@id\":\"https:\\\/\\\/gomezprofessionalservices.com\\\/fr\\\/propos-de-moi\\\/#primaryimage\"},\"image\":{\"@id\":\"https:\\\/\\\/gomezprofessionalservices.com\\\/fr\\\/propos-de-moi\\\/#primaryimage\"},\"thumbnailUrl\":\"https:\\\/\\\/gomezprofessionalservices.com\\\/images\\\/Small-4668.jpg\",\"datePublished\":\"2017-05-31T18:17:14+00:00\",\"dateModified\":\"2021-05-14T08:32:28+00:00\",\"breadcrumb\":{\"@id\":\"https:\\\/\\\/gomezprofessionalservices.com\\\/fr\\\/propos-de-moi\\\/#breadcrumb\"},\"inLanguage\":\"fr-FR\",\"potentialAction\":[{\"@type\":\"ReadAction\",\"target\":[\"https:\\\/\\\/gomezprofessionalservices.com\\\/fr\\\/propos-de-moi\\\/\"]}]},{\"@type\":\"ImageObject\",\"inLanguage\":\"fr-FR\",\"@id\":\"https:\\\/\\\/gomezprofessionalservices.com\\\/fr\\\/propos-de-moi\\\/#primaryimage\",\"url\":\"https:\\\/\\\/gomezprofessionalservices.com\\\/images\\\/Small-4668.jpg\",\"contentUrl\":\"https:\\\/\\\/gomezprofessionalservices.com\\\/images\\\/Small-4668.jpg\"},{\"@type\":\"BreadcrumbList\",\"@id\":\"https:\\\/\\\/gomezprofessionalservices.com\\\/fr\\\/propos-de-moi\\\/#breadcrumb\",\"itemListElement\":[{\"@type\":\"ListItem\",\"position\":1,\"name\":\"Home\",\"item\":\"https:\\\/\\\/gomezprofessionalservices.com\\\/fr\\\/\"},{\"@type\":\"ListItem\",\"position\":2,\"name\":\"A Propos de Moi\"}]},{\"@type\":\"WebSite\",\"@id\":\"https:\\\/\\\/gomezprofessionalservices.com\\\/#website\",\"url\":\"https:\\\/\\\/gomezprofessionalservices.com\\\/\",\"name\":\"Gomez Professional Services\",\"description\":\"Interpreter and Translator\",\"publisher\":{\"@id\":\"https:\\\/\\\/gomezprofessionalservices.com\\\/#organization\"},\"potentialAction\":[{\"@type\":\"SearchAction\",\"target\":{\"@type\":\"EntryPoint\",\"urlTemplate\":\"https:\\\/\\\/gomezprofessionalservices.com\\\/?s={search_term_string}\"},\"query-input\":{\"@type\":\"PropertyValueSpecification\",\"valueRequired\":true,\"valueName\":\"search_term_string\"}}],\"inLanguage\":\"fr-FR\"},{\"@type\":\"Organization\",\"@id\":\"https:\\\/\\\/gomezprofessionalservices.com\\\/#organization\",\"name\":\"Gomez Professional Services\",\"url\":\"https:\\\/\\\/gomezprofessionalservices.com\\\/\",\"logo\":{\"@type\":\"ImageObject\",\"inLanguage\":\"fr-FR\",\"@id\":\"https:\\\/\\\/gomezprofessionalservices.com\\\/#\\\/schema\\\/logo\\\/image\\\/\",\"url\":\"https:\\\/\\\/gomezprofessionalservices.com\\\/images\\\/Small-4587.jpg\",\"contentUrl\":\"https:\\\/\\\/gomezprofessionalservices.com\\\/images\\\/Small-4587.jpg\",\"width\":714,\"height\":1000,\"caption\":\"Gomez Professional Services\"},\"image\":{\"@id\":\"https:\\\/\\\/gomezprofessionalservices.com\\\/#\\\/schema\\\/logo\\\/image\\\/\"},\"sameAs\":[\"https:\\\/\\\/x.com\\\/RMLuz63\",\"https:\\\/\\\/www.linkedin.com\\\/in\\\/rosemaryluz\"]}]}<\/script>\n<!-- \/ Yoast SEO plugin. -->","yoast_head_json":{"title":"A Propos de Moi - Gomez Professional Services","robots":{"index":"index","follow":"follow","max-snippet":"max-snippet:-1","max-image-preview":"max-image-preview:large","max-video-preview":"max-video-preview:-1"},"canonical":"https:\/\/gomezprofessionalservices.com\/fr\/propos-de-moi\/","og_locale":"fr_FR","og_type":"article","og_title":"A Propos de Moi - Gomez Professional Services","og_description":"N\u00e9e et form\u00e9e en Grande Bretagne, j&rsquo;ai une licence de l&rsquo;universit\u00e9 de Sheffield City Polytechnic ( maintenant Sheffield Hallam University). J&rsquo;ai un dipl\u00f4me d&rsquo;interpretation des services publics (DPSI) et le dipl\u00f4me de traduction (DipTrans). Les deux dipl\u00f4mes sont de City&hellip;","og_url":"https:\/\/gomezprofessionalservices.com\/fr\/propos-de-moi\/","og_site_name":"Gomez Professional Services","article_modified_time":"2021-05-14T08:32:28+00:00","og_image":[{"url":"https:\/\/gomezprofessionalservices.com\/images\/Small-4668.jpg","type":"","width":"","height":""}],"twitter_card":"summary_large_image","twitter_site":"@RMLuz63","twitter_misc":{"Dur\u00e9e de lecture estim\u00e9e":"2 minutes"},"schema":{"@context":"https:\/\/schema.org","@graph":[{"@type":"WebPage","@id":"https:\/\/gomezprofessionalservices.com\/fr\/propos-de-moi\/","url":"https:\/\/gomezprofessionalservices.com\/fr\/propos-de-moi\/","name":"A Propos de Moi - Gomez Professional Services","isPartOf":{"@id":"https:\/\/gomezprofessionalservices.com\/#website"},"primaryImageOfPage":{"@id":"https:\/\/gomezprofessionalservices.com\/fr\/propos-de-moi\/#primaryimage"},"image":{"@id":"https:\/\/gomezprofessionalservices.com\/fr\/propos-de-moi\/#primaryimage"},"thumbnailUrl":"https:\/\/gomezprofessionalservices.com\/images\/Small-4668.jpg","datePublished":"2017-05-31T18:17:14+00:00","dateModified":"2021-05-14T08:32:28+00:00","breadcrumb":{"@id":"https:\/\/gomezprofessionalservices.com\/fr\/propos-de-moi\/#breadcrumb"},"inLanguage":"fr-FR","potentialAction":[{"@type":"ReadAction","target":["https:\/\/gomezprofessionalservices.com\/fr\/propos-de-moi\/"]}]},{"@type":"ImageObject","inLanguage":"fr-FR","@id":"https:\/\/gomezprofessionalservices.com\/fr\/propos-de-moi\/#primaryimage","url":"https:\/\/gomezprofessionalservices.com\/images\/Small-4668.jpg","contentUrl":"https:\/\/gomezprofessionalservices.com\/images\/Small-4668.jpg"},{"@type":"BreadcrumbList","@id":"https:\/\/gomezprofessionalservices.com\/fr\/propos-de-moi\/#breadcrumb","itemListElement":[{"@type":"ListItem","position":1,"name":"Home","item":"https:\/\/gomezprofessionalservices.com\/fr\/"},{"@type":"ListItem","position":2,"name":"A Propos de Moi"}]},{"@type":"WebSite","@id":"https:\/\/gomezprofessionalservices.com\/#website","url":"https:\/\/gomezprofessionalservices.com\/","name":"Gomez Professional Services","description":"Interpreter and Translator","publisher":{"@id":"https:\/\/gomezprofessionalservices.com\/#organization"},"potentialAction":[{"@type":"SearchAction","target":{"@type":"EntryPoint","urlTemplate":"https:\/\/gomezprofessionalservices.com\/?s={search_term_string}"},"query-input":{"@type":"PropertyValueSpecification","valueRequired":true,"valueName":"search_term_string"}}],"inLanguage":"fr-FR"},{"@type":"Organization","@id":"https:\/\/gomezprofessionalservices.com\/#organization","name":"Gomez Professional Services","url":"https:\/\/gomezprofessionalservices.com\/","logo":{"@type":"ImageObject","inLanguage":"fr-FR","@id":"https:\/\/gomezprofessionalservices.com\/#\/schema\/logo\/image\/","url":"https:\/\/gomezprofessionalservices.com\/images\/Small-4587.jpg","contentUrl":"https:\/\/gomezprofessionalservices.com\/images\/Small-4587.jpg","width":714,"height":1000,"caption":"Gomez Professional Services"},"image":{"@id":"https:\/\/gomezprofessionalservices.com\/#\/schema\/logo\/image\/"},"sameAs":["https:\/\/x.com\/RMLuz63","https:\/\/www.linkedin.com\/in\/rosemaryluz"]}]}},"_links":{"self":[{"href":"https:\/\/gomezprofessionalservices.com\/fr\/wp-json\/wp\/v2\/pages\/115","targetHints":{"allow":["GET"]}}],"collection":[{"href":"https:\/\/gomezprofessionalservices.com\/fr\/wp-json\/wp\/v2\/pages"}],"about":[{"href":"https:\/\/gomezprofessionalservices.com\/fr\/wp-json\/wp\/v2\/types\/page"}],"author":[{"embeddable":true,"href":"https:\/\/gomezprofessionalservices.com\/fr\/wp-json\/wp\/v2\/users\/1"}],"replies":[{"embeddable":true,"href":"https:\/\/gomezprofessionalservices.com\/fr\/wp-json\/wp\/v2\/comments?post=115"}],"version-history":[{"count":11,"href":"https:\/\/gomezprofessionalservices.com\/fr\/wp-json\/wp\/v2\/pages\/115\/revisions"}],"predecessor-version":[{"id":963,"href":"https:\/\/gomezprofessionalservices.com\/fr\/wp-json\/wp\/v2\/pages\/115\/revisions\/963"}],"wp:attachment":[{"href":"https:\/\/gomezprofessionalservices.com\/fr\/wp-json\/wp\/v2\/media?parent=115"}],"curies":[{"name":"wp","href":"https:\/\/api.w.org\/{rel}","templated":true}]}}